{"id":825,"date":"2023-09-11T14:50:37","date_gmt":"2023-09-11T12:50:37","guid":{"rendered":"https:\/\/chalet-aster.fr\/?page_id=825"},"modified":"2023-11-23T21:07:28","modified_gmt":"2023-11-23T20:07:28","slug":"conciergerie","status":"publish","type":"page","link":"https:\/\/chalet-aster.fr\/en\/conciergerie\/","title":{"rendered":"Concierge service"},"content":{"rendered":"<style>.kb-row-layout-id825_35b553-54 > .kt-row-column-wrap{align-content:start;}:where(.kb-row-layout-id825_35b553-54 > .kt-row-column-wrap) > .wp-block-kadence-column{justify-content:start;}.kb-row-layout-id825_35b553-54 > .kt-row-column-wrap{column-gap:var(--global-kb-gap-none, 0rem );row-gap:var(--global-kb-gap-none, 0rem );padding-top:0px;padding-right:0px;padding-bottom:0px;padding-left:0px;grid-template-columns:minmax(0, 1fr);}.kb-row-layout-id825_35b553-54 > .kt-row-layout-overlay{opacity:0.30;}@media all and (max-width: 1024px){.kb-row-layout-id825_35b553-54 > .kt-row-column-wrap{grid-template-columns:minmax(0, 1fr);}}@media all and (max-width: 767px){.kb-row-layout-id825_35b553-54 > .kt-row-column-wrap{padding-bottom:var(--global-kb-spacing-xs, 1rem);grid-template-columns:minmax(0, 1fr);}}<\/style><div class=\"kb-row-layout-wrap kb-row-layout-id825_35b553-54 alignfull wp-block-kadence-rowlayout\"><div class=\"kt-row-column-wrap kt-has-1-columns kt-row-layout-equal kt-tab-layout-inherit kt-mobile-layout-row kt-row-valign-top\">\n<style>.kadence-column825_42d418-1c > .kt-inside-inner-col,.kadence-column825_42d418-1c > .kt-inside-inner-col:before{border-top-left-radius:0px;border-top-right-radius:0px;border-bottom-right-radius:0px;border-bottom-left-radius:0px;}.kadence-column825_42d418-1c > .kt-inside-inner-col{column-gap:var(--global-kb-gap-sm, 1rem);}.kadence-column825_42d418-1c > .kt-inside-inner-col{flex-direction:column;}.kadence-column825_42d418-1c > .kt-inside-inner-col > .aligncenter{width:100%;}.kadence-column825_42d418-1c > .kt-inside-inner-col:before{opacity:0.3;}.kadence-column825_42d418-1c{position:relative;}@media all and (max-width: 1024px){.kadence-column825_42d418-1c > .kt-inside-inner-col{flex-direction:column;}}@media all and (max-width: 767px){.kadence-column825_42d418-1c > .kt-inside-inner-col{flex-direction:column;}}<\/style>\n<div class=\"wp-block-kadence-column kadence-column825_42d418-1c\"><div class=\"kt-inside-inner-col\"><style>.kb-row-layout-id825_99c97b-8a > .kt-row-column-wrap{align-content:start;}:where(.kb-row-layout-id825_99c97b-8a > .kt-row-column-wrap) > .wp-block-kadence-column{justify-content:start;}.kb-row-layout-id825_99c97b-8a > .kt-row-column-wrap{column-gap:var(--global-kb-gap-md, 2rem);row-gap:var(--global-kb-gap-md, 2rem);padding-top:var(--global-kb-spacing-xxl, 5rem);padding-bottom:var(--global-kb-spacing-xxl, 5rem);grid-template-columns:minmax(0, 1fr);}.kb-row-layout-id825_99c97b-8a{background-color:rgba(226,214,206,0.38);}.kb-row-layout-id825_99c97b-8a > .kt-row-layout-overlay{opacity:0.30;}@media all and (max-width: 1024px){.kb-row-layout-id825_99c97b-8a > .kt-row-column-wrap{grid-template-columns:minmax(0, 1fr);}}@media all and (max-width: 767px){.kb-row-layout-id825_99c97b-8a > .kt-row-column-wrap{padding-top:var(--global-kb-spacing-xl, 4rem);padding-right:var(--global-kb-spacing-md, 2rem);padding-bottom:var(--global-kb-spacing-xl, 4rem);padding-left:var(--global-kb-spacing-md, 2rem);grid-template-columns:minmax(0, 1fr);}}<\/style><div class=\"kb-row-layout-wrap kb-row-layout-id825_99c97b-8a alignnone kt-row-has-bg wp-block-kadence-rowlayout\"><div class=\"kt-row-column-wrap kt-has-1-columns kt-row-layout-equal kt-tab-layout-inherit kt-mobile-layout-row kt-row-valign-top\">\n<style>.kadence-column825_cf7408-dd > .kt-inside-inner-col,.kadence-column825_cf7408-dd > .kt-inside-inner-col:before{border-top-left-radius:0px;border-top-right-radius:0px;border-bottom-right-radius:0px;border-bottom-left-radius:0px;}.kadence-column825_cf7408-dd > .kt-inside-inner-col{column-gap:var(--global-kb-gap-sm, 1rem);}.kadence-column825_cf7408-dd > .kt-inside-inner-col{flex-direction:column;}.kadence-column825_cf7408-dd > .kt-inside-inner-col > .aligncenter{width:100%;}.kadence-column825_cf7408-dd > .kt-inside-inner-col:before{opacity:0.3;}.kadence-column825_cf7408-dd{position:relative;}@media all and (max-width: 1024px){.kadence-column825_cf7408-dd > .kt-inside-inner-col{flex-direction:column;}}@media all and (max-width: 767px){.kadence-column825_cf7408-dd > .kt-inside-inner-col{flex-direction:column;}}<\/style>\n<div class=\"wp-block-kadence-column kadence-column825_cf7408-dd\"><div class=\"kt-inside-inner-col\"><style>.wp-block-kadence-advancedheading.kt-adv-heading825_fe158f-29, .wp-block-kadence-advancedheading.kt-adv-heading825_fe158f-29[data-kb-block=\"kb-adv-heading825_fe158f-29\"]{text-align:center;font-size:53px;font-style:normal;}.wp-block-kadence-advancedheading.kt-adv-heading825_fe158f-29 mark.kt-highlight, .wp-block-kadence-advancedheading.kt-adv-heading825_fe158f-29[data-kb-block=\"kb-adv-heading825_fe158f-29\"] mark.kt-highlight{font-style:normal;color:#f76a0c;-webkit-box-decoration-break:clone;box-decoration-break:clone;padding-top:0px;padding-right:0px;padding-bottom:0px;padding-left:0px;}@media all and (max-width: 767px){.wp-block-kadence-advancedheading.kt-adv-heading825_fe158f-29, .wp-block-kadence-advancedheading.kt-adv-heading825_fe158f-29[data-kb-block=\"kb-adv-heading825_fe158f-29\"]{font-size:32px;}}<\/style>\n<h2 class=\"kt-adv-heading825_fe158f-29 wp-block-kadence-advancedheading\" data-kb-block=\"kb-adv-heading825_fe158f-29\"><strong>LA CONCIERGERIE<\/strong><\/h2>\n\n\n<style>.wp-block-kadence-advancedheading.kt-adv-heading825_9d4e1e-f1, .wp-block-kadence-advancedheading.kt-adv-heading825_9d4e1e-f1[data-kb-block=\"kb-adv-heading825_9d4e1e-f1\"]{padding-right:var(--global-kb-spacing-5xl, 10rem);padding-left:var(--global-kb-spacing-5xl, 10rem);margin-right:var(--global-kb-spacing-5xl, 10rem);margin-left:var(--global-kb-spacing-5xl, 10rem);text-align:center;font-size:21px;font-style:normal;}.wp-block-kadence-advancedheading.kt-adv-heading825_9d4e1e-f1 mark.kt-highlight, .wp-block-kadence-advancedheading.kt-adv-heading825_9d4e1e-f1[data-kb-block=\"kb-adv-heading825_9d4e1e-f1\"] mark.kt-highlight{font-style:normal;color:#f76a0c;-webkit-box-decoration-break:clone;box-decoration-break:clone;padding-top:0px;padding-right:0px;padding-bottom:0px;padding-left:0px;}@media all and (max-width: 1024px){.wp-block-kadence-advancedheading.kt-adv-heading825_9d4e1e-f1, .wp-block-kadence-advancedheading.kt-adv-heading825_9d4e1e-f1[data-kb-block=\"kb-adv-heading825_9d4e1e-f1\"]{padding-right:var(--global-kb-spacing-md, 2rem);padding-left:var(--global-kb-spacing-md, 2rem);}}@media all and (max-width: 767px){.wp-block-kadence-advancedheading.kt-adv-heading825_9d4e1e-f1, .wp-block-kadence-advancedheading.kt-adv-heading825_9d4e1e-f1[data-kb-block=\"kb-adv-heading825_9d4e1e-f1\"]{padding-right:0px;padding-left:0px;margin-right:0px;margin-left:0px;font-size:16px;}}<\/style>\n<h2 class=\"kt-adv-heading825_9d4e1e-f1 wp-block-kadence-advancedheading has-theme-palette-2-color has-text-color\" data-kb-block=\"kb-adv-heading825_9d4e1e-f1\">D\u00e9couvrez le luxe ultime de la location avec notre conciergerie haut de gamme. Profitez d&rsquo;un s\u00e9jour exceptionnel dans notre chalet.<\/h2>\n<\/div><\/div>\n\n<\/div><\/div><\/div><\/div>\n\n<\/div><\/div>\n\n<style>.kb-row-layout-id825_39bd54-ef > .kt-row-column-wrap{align-content:start;}:where(.kb-row-layout-id825_39bd54-ef > .kt-row-column-wrap) > .wp-block-kadence-column{justify-content:start;}.kb-row-layout-id825_39bd54-ef > .kt-row-column-wrap{column-gap:var(--global-kb-gap-none, 0rem );row-gap:var(--global-kb-gap-md, 2rem);max-width:var( --global-content-width, 1290px );padding-left:var(--global-content-edge-padding);padding-right:var(--global-content-edge-padding);padding-top:var(--global-kb-spacing-xxl, 5rem);padding-bottom:var(--global-kb-spacing-xxl, 5rem);padding-left:var(--global-kb-spacing-xxl, 5rem);grid-template-columns:repeat(2, minmax(0, 1fr));}.kb-row-layout-id825_39bd54-ef > .kt-row-layout-overlay{opacity:0.30;}@media all and (max-width: 1024px){.kb-row-layout-id825_39bd54-ef > .kt-row-column-wrap{column-gap:var(--global-kb-gap-none, 0rem );padding-top:var(--global-kb-spacing-xxl, 5rem);padding-left:var(--global-kb-spacing-lg, 3rem);grid-template-columns:repeat(2, minmax(0, 1fr));}}@media all and (max-width: 767px){.kb-row-layout-id825_39bd54-ef > .kt-row-column-wrap{padding-top:var(--global-kb-spacing-md, 2rem);padding-right:var(--global-kb-spacing-md, 2rem);padding-bottom:var(--global-kb-spacing-lg, 3rem);padding-left:var(--global-kb-spacing-sm, 1.5rem);grid-template-columns:minmax(0, 1fr);}}<\/style><div class=\"kb-row-layout-wrap kb-row-layout-id825_39bd54-ef alignfull wp-block-kadence-rowlayout\"><div class=\"kt-row-column-wrap kt-has-2-columns kt-row-layout-equal kt-tab-layout-equal kt-mobile-layout-row kt-row-valign-top kb-theme-content-width\">\n<style>.kadence-column825_37cb36-57 > .kt-inside-inner-col{display:flex;}.kadence-column825_37cb36-57 > .kt-inside-inner-col{padding-top:var(--global-kb-spacing-xl, 4rem);padding-right:var(--global-kb-spacing-xxl, 5rem);padding-bottom:var(--global-kb-spacing-xl, 4rem);padding-left:var(--global-kb-spacing-xxl, 5rem);}.kadence-column825_37cb36-57 > .kt-inside-inner-col,.kadence-column825_37cb36-57 > .kt-inside-inner-col:before{border-top-left-radius:10px;border-top-right-radius:10px;border-bottom-right-radius:10px;border-bottom-left-radius:10px;}.kadence-column825_37cb36-57:hover > .kt-inside-inner-col,.kadence-column825_37cb36-57:hover > .kt-inside-inner-col:before{border-top-left-radius:10px;border-top-right-radius:10px;border-bottom-right-radius:10px;border-bottom-left-radius:10px;}.kadence-column825_37cb36-57 > .kt-inside-inner-col{column-gap:var(--global-kb-gap-sm, 1rem);}.kadence-column825_37cb36-57 > .kt-inside-inner-col{flex-direction:column;justify-content:flex-start;}.kadence-column825_37cb36-57 > .kt-inside-inner-col > .aligncenter{width:100%;}.kt-row-column-wrap > .kadence-column825_37cb36-57{align-self:flex-start;}.kt-inner-column-height-full:not(.kt-has-1-columns) > .wp-block-kadence-column.kadence-column825_37cb36-57{align-self:auto;}.kt-inner-column-height-full:not(.kt-has-1-columns) > .wp-block-kadence-column.kadence-column825_37cb36-57 > .kt-inside-inner-col{flex-direction:column;justify-content:flex-start;}.kadence-column825_37cb36-57 > .kt-inside-inner-col{background-color:rgba(226, 214, 206, 0.81);}.kadence-column825_37cb36-57 > .kt-inside-inner-col:before{opacity:0.3;}.kadence-column825_37cb36-57{text-align:left;}.kadence-column825_37cb36-57{position:relative;}@media all and (max-width: 1024px){.kadence-column825_37cb36-57 > .kt-inside-inner-col{padding-top:var(--global-kb-spacing-lg, 3rem);padding-right:var(--global-kb-spacing-sm, 1.5rem);padding-bottom:var(--global-kb-spacing-lg, 3rem);padding-left:var(--global-kb-spacing-xs, 1rem);flex-direction:column;}}@media all and (max-width: 1024px){.kt-row-column-wrap > .kadence-column825_37cb36-57{align-self:flex-start;}}@media all and (max-width: 1024px){.kt-inner-column-height-full:not(.kt-has-1-columns) > .wp-block-kadence-column.kadence-column825_37cb36-57{align-self:auto;}}@media all and (max-width: 1024px){.kt-inner-column-height-full:not(.kt-has-1-columns) > .wp-block-kadence-column.kadence-column825_37cb36-57 > .kt-inside-inner-col{flex-direction:column;justify-content:flex-start;}}@media all and (max-width: 767px){.kadence-column825_37cb36-57 > .kt-inside-inner-col{padding-top:var(--global-kb-spacing-md, 2rem);padding-right:var(--global-kb-spacing-xs, 1rem);padding-bottom:var(--global-kb-spacing-md, 2rem);padding-left:var(--global-kb-spacing-sm, 1.5rem);flex-direction:column;}.kt-row-column-wrap > .kadence-column825_37cb36-57{align-self:flex-start;}.kt-inner-column-height-full:not(.kt-has-1-columns) > .wp-block-kadence-column.kadence-column825_37cb36-57{align-self:auto;}.kt-inner-column-height-full:not(.kt-has-1-columns) > .wp-block-kadence-column.kadence-column825_37cb36-57 > .kt-inside-inner-col{flex-direction:column;justify-content:flex-start;}}<\/style>\n<div class=\"wp-block-kadence-column kadence-column825_37cb36-57 kb-section-dir-vertical inner-column-1\"><div class=\"kt-inside-inner-col\"><style>.wp-block-kadence-advancedheading.kt-adv-heading825_230baf-84, .wp-block-kadence-advancedheading.kt-adv-heading825_230baf-84[data-kb-block=\"kb-adv-heading825_230baf-84\"]{padding-top:var(--global-kb-spacing-md, 2rem);padding-bottom:var(--global-kb-spacing-sm, 1.5rem);text-align:left;font-size:20px;font-style:normal;}.wp-block-kadence-advancedheading.kt-adv-heading825_230baf-84 mark.kt-highlight, .wp-block-kadence-advancedheading.kt-adv-heading825_230baf-84[data-kb-block=\"kb-adv-heading825_230baf-84\"] mark.kt-highlight{font-style:normal;color:#f76a0c;-webkit-box-decoration-break:clone;box-decoration-break:clone;padding-top:0px;padding-right:0px;padding-bottom:0px;padding-left:0px;}@media all and (max-width: 1024px){.wp-block-kadence-advancedheading.kt-adv-heading825_230baf-84, .wp-block-kadence-advancedheading.kt-adv-heading825_230baf-84[data-kb-block=\"kb-adv-heading825_230baf-84\"]{padding-top:var(--global-kb-spacing-xxs, 0.5rem);padding-bottom:0px;padding-left:var(--global-kb-spacing-xs, 1rem);}}@media all and (max-width: 767px){.wp-block-kadence-advancedheading.kt-adv-heading825_230baf-84, .wp-block-kadence-advancedheading.kt-adv-heading825_230baf-84[data-kb-block=\"kb-adv-heading825_230baf-84\"]{padding-bottom:var(--global-kb-spacing-xs, 1rem);padding-left:var(--global-kb-spacing-xs, 1rem);}}<\/style>\n<h2 class=\"kt-adv-heading825_230baf-84 wp-block-kadence-advancedheading\" data-kb-block=\"kb-adv-heading825_230baf-84\"><strong>SERVICES INCLUS<\/strong><br><\/h2>\n\n\n<style>.wp-block-kadence-iconlist.kt-svg-icon-list-items825_f7b49b-67:not(.this-stops-third-party-issues){margin-top:0px;margin-bottom:0px;}.wp-block-kadence-iconlist.kt-svg-icon-list-items825_f7b49b-67 ul.kt-svg-icon-list:not(.this-prevents-issues):not(.this-stops-third-party-issues):not(.tijsloc){margin-top:0px;margin-right:0px;margin-bottom:0px;margin-left:0px;}.wp-block-kadence-iconlist.kt-svg-icon-list-items825_f7b49b-67 ul.kt-svg-icon-list{grid-row-gap:5px;}.wp-block-kadence-iconlist.kt-svg-icon-list-items825_f7b49b-67 ul.kt-svg-icon-list .kt-svg-icon-list-item-wrap .kt-svg-icon-list-single{margin-right:10px;}.kt-svg-icon-list-items825_f7b49b-67 ul.kt-svg-icon-list .kt-svg-icon-list-level-0 .kt-svg-icon-list-single svg{font-size:20px;}@media all and (max-width: 1024px){.kt-svg-icon-list-items825_f7b49b-67 ul.kt-svg-icon-list .kt-svg-icon-list-item-wrap, .kt-svg-icon-list-items825_f7b49b-67 ul.kt-svg-icon-list .kt-svg-icon-list-item-wrap a{font-size:14px;}}<\/style>\n<div class=\"wp-block-kadence-iconlist kt-svg-icon-list-items kt-svg-icon-list-items825_f7b49b-67 kt-svg-icon-list-columns-1 alignnone\"><ul class=\"kt-svg-icon-list\">\n<li class=\"wp-block-kadence-listitem kt-svg-icon-list-item-wrap kt-svg-icon-list-item-825_5884f1-6a\"><span class=\"kb-svg-icon-wrap kb-svg-icon-fe_chevronRight kt-svg-icon-list-single\"><svg viewBox=\"0 0 24 24\"  fill=\"none\" stroke=\"currentColor\" stroke-width=\"2\" stroke-linecap=\"round\" stroke-linejoin=\"round\" xmlns=\"http:\/\/www.w3.org\/2000\/svg\"  aria-hidden=\"true\"><polyline points=\"9 18 15 12 9 6\"\/><\/svg><\/span><span class=\"kt-svg-icon-list-text\">Accueil le jour de l&rsquo;arriv\u00e9e<\/span><\/li>\n\n\n\n<li class=\"wp-block-kadence-listitem kt-svg-icon-list-item-wrap kt-svg-icon-list-item-825_5aaab4-8f\"><span class=\"kb-svg-icon-wrap kb-svg-icon-fe_chevronRight kt-svg-icon-list-single\"><svg viewBox=\"0 0 24 24\"  fill=\"none\" stroke=\"currentColor\" stroke-width=\"2\" stroke-linecap=\"round\" stroke-linejoin=\"round\" xmlns=\"http:\/\/www.w3.org\/2000\/svg\"  aria-hidden=\"true\"><polyline points=\"9 18 15 12 9 6\"\/><\/svg><\/span><span class=\"kt-svg-icon-list-text\">Pr\u00e9sence de la conciergerie le jour du d\u00e9part<\/span><\/li>\n\n\n\n<li class=\"wp-block-kadence-listitem kt-svg-icon-list-item-wrap kt-svg-icon-list-item-825_3d02ed-76\"><span class=\"kb-svg-icon-wrap kb-svg-icon-fe_chevronRight kt-svg-icon-list-single\"><svg viewBox=\"0 0 24 24\"  fill=\"none\" stroke=\"currentColor\" stroke-width=\"2\" stroke-linecap=\"round\" stroke-linejoin=\"round\" xmlns=\"http:\/\/www.w3.org\/2000\/svg\"  aria-hidden=\"true\"><polyline points=\"9 18 15 12 9 6\"\/><\/svg><\/span><span class=\"kt-svg-icon-list-text\">Lits faits \u00e0 l\u2019arriv\u00e9e<\/span><\/li>\n\n\n\n<li class=\"wp-block-kadence-listitem kt-svg-icon-list-item-wrap kt-svg-icon-list-item-825_ad9528-2b\"><span class=\"kb-svg-icon-wrap kb-svg-icon-fe_chevronRight kt-svg-icon-list-single\"><svg viewBox=\"0 0 24 24\"  fill=\"none\" stroke=\"currentColor\" stroke-width=\"2\" stroke-linecap=\"round\" stroke-linejoin=\"round\" xmlns=\"http:\/\/www.w3.org\/2000\/svg\"  aria-hidden=\"true\"><polyline points=\"9 18 15 12 9 6\"\/><\/svg><\/span><span class=\"kt-svg-icon-list-text\">Linge de maison<\/span><\/li>\n\n\n\n<li class=\"wp-block-kadence-listitem kt-svg-icon-list-item-wrap kt-svg-icon-list-item-825_e30307-8b\"><span class=\"kb-svg-icon-wrap kb-svg-icon-fe_chevronRight kt-svg-icon-list-single\"><svg viewBox=\"0 0 24 24\"  fill=\"none\" stroke=\"currentColor\" stroke-width=\"2\" stroke-linecap=\"round\" stroke-linejoin=\"round\" xmlns=\"http:\/\/www.w3.org\/2000\/svg\"  aria-hidden=\"true\"><polyline points=\"9 18 15 12 9 6\"\/><\/svg><\/span><span class=\"kt-svg-icon-list-text\">M\u00e9nage du chalet le mercredi<\/span><\/li>\n\n\n\n<li class=\"wp-block-kadence-listitem kt-svg-icon-list-item-wrap kt-svg-icon-list-item-825_f69334-76\"><span class=\"kb-svg-icon-wrap kb-svg-icon-fe_chevronRight kt-svg-icon-list-single\"><svg viewBox=\"0 0 24 24\"  fill=\"none\" stroke=\"currentColor\" stroke-width=\"2\" stroke-linecap=\"round\" stroke-linejoin=\"round\" xmlns=\"http:\/\/www.w3.org\/2000\/svg\"  aria-hidden=\"true\"><polyline points=\"9 18 15 12 9 6\"\/><\/svg><\/span><span class=\"kt-svg-icon-list-text\">Produits Nuxe dans les salles de bain et toilettes<\/span><\/li>\n\n\n\n<li class=\"wp-block-kadence-listitem kt-svg-icon-list-item-wrap kt-svg-icon-list-item-825_90953e-22\"><span class=\"kb-svg-icon-wrap kb-svg-icon-fe_chevronRight kt-svg-icon-list-single\"><svg viewBox=\"0 0 24 24\"  fill=\"none\" stroke=\"currentColor\" stroke-width=\"2\" stroke-linecap=\"round\" stroke-linejoin=\"round\" xmlns=\"http:\/\/www.w3.org\/2000\/svg\"  aria-hidden=\"true\"><polyline points=\"9 18 15 12 9 6\"\/><\/svg><\/span><span class=\"kt-svg-icon-list-text\">Capsules Nespresso<\/span><\/li>\n\n\n\n<li class=\"wp-block-kadence-listitem kt-svg-icon-list-item-wrap kt-svg-icon-list-item-825_dc9957-d9\"><span class=\"kb-svg-icon-wrap kb-svg-icon-fe_chevronRight kt-svg-icon-list-single\"><svg viewBox=\"0 0 24 24\"  fill=\"none\" stroke=\"currentColor\" stroke-width=\"2\" stroke-linecap=\"round\" stroke-linejoin=\"round\" xmlns=\"http:\/\/www.w3.org\/2000\/svg\"  aria-hidden=\"true\"><polyline points=\"9 18 15 12 9 6\"\/><\/svg><\/span><span class=\"kt-svg-icon-list-text\">Bois pour la chemin\u00e9e<\/span><\/li>\n\n\n\n<li class=\"wp-block-kadence-listitem kt-svg-icon-list-item-wrap kt-svg-icon-list-item-825_1a3edb-27\"><span class=\"kb-svg-icon-wrap kb-svg-icon-fe_chevronRight kt-svg-icon-list-single\"><svg viewBox=\"0 0 24 24\"  fill=\"none\" stroke=\"currentColor\" stroke-width=\"2\" stroke-linecap=\"round\" stroke-linejoin=\"round\" xmlns=\"http:\/\/www.w3.org\/2000\/svg\"  aria-hidden=\"true\"><polyline points=\"9 18 15 12 9 6\"\/><\/svg><\/span><span class=\"kt-svg-icon-list-text\">Jacuzzi<\/span><\/li>\n\n\n\n<li class=\"wp-block-kadence-listitem kt-svg-icon-list-item-wrap kt-svg-icon-list-item-825_3290ea-36\"><span class=\"kb-svg-icon-wrap kb-svg-icon-fe_chevronRight kt-svg-icon-list-single\"><svg viewBox=\"0 0 24 24\"  fill=\"none\" stroke=\"currentColor\" stroke-width=\"2\" stroke-linecap=\"round\" stroke-linejoin=\"round\" xmlns=\"http:\/\/www.w3.org\/2000\/svg\"  aria-hidden=\"true\"><polyline points=\"9 18 15 12 9 6\"\/><\/svg><\/span><span class=\"kt-svg-icon-list-text\">Livraison de pain, forfaits de ski, massages, chef \u00e0 domicile, transferts, organisation d&rsquo;activit\u00e9s (optionnel)<\/span><\/li>\n<\/ul><\/div>\n\n\n<style>.wp-block-kadence-advancedheading.kt-adv-heading825_995815-c3, .wp-block-kadence-advancedheading.kt-adv-heading825_995815-c3[data-kb-block=\"kb-adv-heading825_995815-c3\"]{text-align:left;font-size:17px;font-style:normal;}.wp-block-kadence-advancedheading.kt-adv-heading825_995815-c3 mark.kt-highlight, .wp-block-kadence-advancedheading.kt-adv-heading825_995815-c3[data-kb-block=\"kb-adv-heading825_995815-c3\"] mark.kt-highlight{font-style:normal;color:#f76a0c;-webkit-box-decoration-break:clone;box-decoration-break:clone;padding-top:0px;padding-right:0px;padding-bottom:0px;padding-left:0px;}@media all and (max-width: 1024px){.wp-block-kadence-advancedheading.kt-adv-heading825_995815-c3, .wp-block-kadence-advancedheading.kt-adv-heading825_995815-c3[data-kb-block=\"kb-adv-heading825_995815-c3\"]{font-size:14px;}}<\/style>\n<h2 class=\"kt-adv-heading825_995815-c3 wp-block-kadence-advancedheading\" data-kb-block=\"kb-adv-heading825_995815-c3\"><strong>Notre conciergerie est disponible tout au long de votre s\u00e9jour pour vous assister et r\u00e9pondre \u00e0 vos besoins.<\/strong><\/h2>\n<\/div><\/div>\n\n\n<style>.kadence-column825_978501-e2 > .kt-inside-inner-col,.kadence-column825_978501-e2 > .kt-inside-inner-col:before{border-top-left-radius:0px;border-top-right-radius:0px;border-bottom-right-radius:0px;border-bottom-left-radius:0px;}.kadence-column825_978501-e2 > .kt-inside-inner-col{column-gap:var(--global-kb-gap-sm, 1rem);}.kadence-column825_978501-e2 > .kt-inside-inner-col{flex-direction:column;}.kadence-column825_978501-e2 > .kt-inside-inner-col > .aligncenter{width:100%;}.kadence-column825_978501-e2 > .kt-inside-inner-col:before{opacity:0.3;}.kadence-column825_978501-e2{position:relative;}@media all and (max-width: 1024px){.kadence-column825_978501-e2 > .kt-inside-inner-col{flex-direction:column;}}@media all and (max-width: 767px){.kadence-column825_978501-e2 > .kt-inside-inner-col{flex-direction:column;}}<\/style>\n<div class=\"wp-block-kadence-column kadence-column825_978501-e2\"><div class=\"kt-inside-inner-col\"><style>.kb-image825_6d8e09-19.kb-image-is-ratio-size, .kb-image825_6d8e09-19 .kb-image-is-ratio-size{max-width:432px;width:100%;}.wp-block-kadence-column > .kt-inside-inner-col > .kb-image825_6d8e09-19.kb-image-is-ratio-size, .wp-block-kadence-column > .kt-inside-inner-col > .kb-image825_6d8e09-19 .kb-image-is-ratio-size{align-self:unset;}.kb-image825_6d8e09-19 figure{max-width:432px;}.kb-image825_6d8e09-19 .image-is-svg, .kb-image825_6d8e09-19 .image-is-svg img{width:100%;}.kb-image825_6d8e09-19:not(.kb-image-is-ratio-size) .kb-img, .kb-image825_6d8e09-19.kb-image-is-ratio-size{padding-top:var(--global-kb-spacing-lg, 3rem);}.kb-image825_6d8e09-19 .kb-image-has-overlay:after{opacity:0.3;}@media all and (max-width: 1024px){.wp-block-kadence-image.kb-image825_6d8e09-19:not(.kb-specificity-added):not(.kb-extra-specificity-added){margin-bottom:0px;}}@media all and (max-width: 1024px){.kb-image825_6d8e09-19.kb-image-is-ratio-size, .kb-image825_6d8e09-19 .kb-image-is-ratio-size{max-width:325px;width:100%;}}@media all and (max-width: 1024px){.kb-image825_6d8e09-19 figure{max-width:325px;}}@media all and (max-width: 1024px){.kb-image825_6d8e09-19:not(.kb-image-is-ratio-size) .kb-img, .kb-image825_6d8e09-19.kb-image-is-ratio-size{padding-top:var(--global-kb-spacing-xl, 4rem);padding-right:0px;padding-bottom:0px;padding-left:var(--global-kb-spacing-xs, 1rem);}}@media all and (max-width: 767px){.kb-image825_6d8e09-19:not(.kb-image-is-ratio-size) .kb-img, .kb-image825_6d8e09-19.kb-image-is-ratio-size{padding-top:var(--global-kb-spacing-xxs, 0.5rem);padding-right:0px;padding-left:0px;}}<\/style>\n<div class=\"wp-block-kadence-image kb-image825_6d8e09-19\"><figure class=\"aligncenter kb-image-is-ratio-size\"><div class=\"kb-is-ratio-image kb-image-ratio-port34\"><img decoding=\"async\" loading=\"lazy\" width=\"2560\" height=\"1707\" src=\"http:\/\/chalet-aster.fr\/wp-content\/uploads\/2023\/10\/terrasse-chaletaster-scaled.jpeg\" alt=\"\" class=\"kb-img wp-image-3109\" srcset=\"https:\/\/chalet-aster.fr\/wp-content\/uploads\/2023\/10\/terrasse-chaletaster-scaled.jpeg 2560w, https:\/\/chalet-aster.fr\/wp-content\/uploads\/2023\/10\/terrasse-chaletaster-300x200.jpeg 300w, https:\/\/chalet-aster.fr\/wp-content\/uploads\/2023\/10\/terrasse-chaletaster-1024x683.jpeg 1024w, https:\/\/chalet-aster.fr\/wp-content\/uploads\/2023\/10\/terrasse-chaletaster-768x512.jpeg 768w, https:\/\/chalet-aster.fr\/wp-content\/uploads\/2023\/10\/terrasse-chaletaster-1536x1024.jpeg 1536w, https:\/\/chalet-aster.fr\/wp-content\/uploads\/2023\/10\/terrasse-chaletaster-2048x1366.jpeg 2048w, https:\/\/chalet-aster.fr\/wp-content\/uploads\/2023\/10\/terrasse-chaletaster-18x12.jpeg 18w\" sizes=\"(max-width: 2560px) 100vw, 2560px\" \/><\/div><\/figure><\/div>\n<\/div><\/div>\n\n<\/div><\/div>","protected":false},"excerpt":{"rendered":"<p>LA CONCIERGERIE D\u00e9couvrez le luxe ultime de la location avec notre conciergerie haut de gamme. Profitez d&rsquo;un s\u00e9jour exceptionnel dans notre chalet. SERVICES INCLUS Notre conciergerie est disponible tout au long de votre s\u00e9jour pour vous assister et r\u00e9pondre \u00e0 vos besoins.<\/p>","protected":false},"author":1,"featured_media":0,"parent":0,"menu_order":0,"comment_status":"closed","ping_status":"closed","template":"","meta":{"om_disable_all_campaigns":false,"_monsterinsights_skip_tracking":false,"_monsterinsights_sitenote_active":false,"_monsterinsights_sitenote_note":"","_monsterinsights_sitenote_category":0,"_uf_show_specific_survey":0,"_uf_disable_surveys":false,"_kad_post_transparent":"disable","_kad_post_title":"hide","_kad_post_layout":"","_kad_post_sidebar_id":"","_kad_post_content_style":"unboxed","_kad_post_vertical_padding":"hide","_kad_post_feature":"","_kad_post_feature_position":"","_kad_post_header":false,"_kad_post_footer":false,"footnotes":""},"aioseo_notices":[],"_links":{"self":[{"href":"https:\/\/chalet-aster.fr\/en\/wp-json\/wp\/v2\/pages\/825"}],"collection":[{"href":"https:\/\/chalet-aster.fr\/en\/wp-json\/wp\/v2\/pages"}],"about":[{"href":"https:\/\/chalet-aster.fr\/en\/wp-json\/wp\/v2\/types\/page"}],"author":[{"embeddable":true,"href":"https:\/\/chalet-aster.fr\/en\/wp-json\/wp\/v2\/users\/1"}],"replies":[{"embeddable":true,"href":"https:\/\/chalet-aster.fr\/en\/wp-json\/wp\/v2\/comments?post=825"}],"version-history":[{"count":201,"href":"https:\/\/chalet-aster.fr\/en\/wp-json\/wp\/v2\/pages\/825\/revisions"}],"predecessor-version":[{"id":3653,"href":"https:\/\/chalet-aster.fr\/en\/wp-json\/wp\/v2\/pages\/825\/revisions\/3653"}],"wp:attachment":[{"href":"https:\/\/chalet-aster.fr\/en\/wp-json\/wp\/v2\/media?parent=825"}],"curies":[{"name":"wp","href":"https:\/\/api.w.org\/{rel}","templated":true}]}}