{"id":593,"date":"2023-09-07T09:53:21","date_gmt":"2023-09-07T07:53:21","guid":{"rendered":"https:\/\/chalet-aster.fr\/?page_id=593"},"modified":"2023-10-11T23:38:43","modified_gmt":"2023-10-11T21:38:43","slug":"mentions-legales","status":"publish","type":"page","link":"https:\/\/chalet-aster.fr\/en\/mentions-legales\/","title":{"rendered":"Legal notices"},"content":{"rendered":"<style>.kb-row-layout-id593_e60a7e-f6 > .kt-row-column-wrap{align-content:start;}:where(.kb-row-layout-id593_e60a7e-f6 > .kt-row-column-wrap) > .wp-block-kadence-column{justify-content:start;}.kb-row-layout-id593_e60a7e-f6 > .kt-row-column-wrap{column-gap:var(--global-kb-gap-md, 2rem);row-gap:var(--global-kb-gap-md, 2rem);max-width:1223px;margin-left:auto;margin-right:auto;padding-top:var(--global-kb-spacing-4xl, 8rem);padding-bottom:var(--global-kb-spacing-4xl, 8rem);padding-left:var(--global-kb-spacing-5xl, 10rem);grid-template-columns:minmax(0, 1fr);}.kb-row-layout-id593_e60a7e-f6{background-color:rgba(226,214,206,0.81);}.kb-row-layout-id593_e60a7e-f6 > .kt-row-layout-overlay{opacity:0.30;}@media all and (max-width: 1024px){.kb-row-layout-id593_e60a7e-f6 > .kt-row-column-wrap{grid-template-columns:minmax(0, 1fr);}}@media all and (max-width: 767px){.kb-row-layout-id593_e60a7e-f6 > .kt-row-column-wrap{padding-top:var(--global-kb-spacing-xl, 4rem);padding-bottom:var(--global-kb-spacing-xl, 4rem);padding-left:var(--global-kb-spacing-sm, 1.5rem);grid-template-columns:minmax(0, 1fr);}}<\/style><div class=\"kb-row-layout-wrap kb-row-layout-id593_e60a7e-f6 alignwide kt-row-has-bg wp-block-kadence-rowlayout\"><div class=\"kt-row-column-wrap kt-has-1-columns kt-row-layout-equal kt-tab-layout-inherit kt-mobile-layout-row kt-row-valign-top\">\n<style>.kadence-column593_4ea7ed-e4 > .kt-inside-inner-col,.kadence-column593_4ea7ed-e4 > .kt-inside-inner-col:before{border-top-left-radius:0px;border-top-right-radius:0px;border-bottom-right-radius:0px;border-bottom-left-radius:0px;}.kadence-column593_4ea7ed-e4 > .kt-inside-inner-col{column-gap:var(--global-kb-gap-sm, 1rem);}.kadence-column593_4ea7ed-e4 > .kt-inside-inner-col{flex-direction:column;}.kadence-column593_4ea7ed-e4 > .kt-inside-inner-col > .aligncenter{width:100%;}.kadence-column593_4ea7ed-e4 > .kt-inside-inner-col:before{opacity:0.3;}.kadence-column593_4ea7ed-e4{position:relative;}@media all and (max-width: 1024px){.kadence-column593_4ea7ed-e4 > .kt-inside-inner-col{flex-direction:column;}}@media all and (max-width: 767px){.kadence-column593_4ea7ed-e4 > .kt-inside-inner-col{flex-direction:column;}}<\/style>\n<div class=\"wp-block-kadence-column kadence-column593_4ea7ed-e4\"><div class=\"kt-inside-inner-col\"><style>.wp-block-kadence-advancedheading.kt-adv-heading593_48da6a-48, .wp-block-kadence-advancedheading.kt-adv-heading593_48da6a-48[data-kb-block=\"kb-adv-heading593_48da6a-48\"]{padding-right:var(--global-kb-spacing-5xl, 10rem);padding-left:var(--global-kb-spacing-xs, 1rem);text-align:center;font-size:53px;font-style:normal;font-family:\"Palatino Linotype\", \"Book Antiqua\", Palatino, serif;}.wp-block-kadence-advancedheading.kt-adv-heading593_48da6a-48 mark.kt-highlight, .wp-block-kadence-advancedheading.kt-adv-heading593_48da6a-48[data-kb-block=\"kb-adv-heading593_48da6a-48\"] mark.kt-highlight{font-style:normal;color:#f76a0c;-webkit-box-decoration-break:clone;box-decoration-break:clone;padding-top:0px;padding-right:0px;padding-bottom:0px;padding-left:0px;}@media all and (max-width: 767px){.wp-block-kadence-advancedheading.kt-adv-heading593_48da6a-48, .wp-block-kadence-advancedheading.kt-adv-heading593_48da6a-48[data-kb-block=\"kb-adv-heading593_48da6a-48\"]{padding-right:0px;padding-left:0px;margin-right:0px;font-size:var(--global-kb-font-size-xxl, 4rem);}}<\/style>\n<h2 class=\"kt-adv-heading593_48da6a-48 wp-block-kadence-advancedheading has-theme-palette-2-color has-text-color\" data-kb-block=\"kb-adv-heading593_48da6a-48\"><strong>MENTIONS L\u00c9GALES<\/strong><\/h2>\n<\/div><\/div>\n\n<\/div><\/div>\n\n<style>.kb-row-layout-id593_e93aed-3f > .kt-row-column-wrap{align-content:start;}:where(.kb-row-layout-id593_e93aed-3f > .kt-row-column-wrap) > .wp-block-kadence-column{justify-content:start;}.kb-row-layout-id593_e93aed-3f > .kt-row-column-wrap{column-gap:var(--global-kb-gap-md, 2rem);row-gap:var(--global-kb-gap-md, 2rem);padding-top:var(--global-kb-spacing-lg, 3rem);padding-right:var(--global-kb-spacing-5xl, 10rem);padding-bottom:var(--global-kb-spacing-lg, 3rem);padding-left:var(--global-kb-spacing-5xl, 10rem);grid-template-columns:minmax(0, 1fr);}.kb-row-layout-id593_e93aed-3f > .kt-row-layout-overlay{opacity:0.30;}@media all and (max-width: 1024px){.kb-row-layout-id593_e93aed-3f > .kt-row-column-wrap{padding-right:var(--global-kb-spacing-lg, 3rem);padding-left:var(--global-kb-spacing-lg, 3rem);grid-template-columns:minmax(0, 1fr);}}@media all and (max-width: 767px){.kb-row-layout-id593_e93aed-3f > .kt-row-column-wrap{padding-top:var(--global-kb-spacing-md, 2rem);padding-right:var(--global-kb-spacing-sm, 1.5rem);padding-left:var(--global-kb-spacing-sm, 1.5rem);grid-template-columns:minmax(0, 1fr);}}<\/style><div class=\"kb-row-layout-wrap kb-row-layout-id593_e93aed-3f alignwide has-theme-palette9-background-color kt-row-has-bg wp-block-kadence-rowlayout\"><div class=\"kt-row-column-wrap kt-has-1-columns kt-row-layout-equal kt-tab-layout-inherit kt-mobile-layout-row kt-row-valign-top\">\n<style>.kadence-column593_ba4ee7-40 > .kt-inside-inner-col,.kadence-column593_ba4ee7-40 > .kt-inside-inner-col:before{border-top-left-radius:0px;border-top-right-radius:0px;border-bottom-right-radius:0px;border-bottom-left-radius:0px;}.kadence-column593_ba4ee7-40 > .kt-inside-inner-col{column-gap:var(--global-kb-gap-sm, 1rem);}.kadence-column593_ba4ee7-40 > .kt-inside-inner-col{flex-direction:column;}.kadence-column593_ba4ee7-40 > .kt-inside-inner-col > .aligncenter{width:100%;}.kadence-column593_ba4ee7-40 > .kt-inside-inner-col:before{opacity:0.3;}.kadence-column593_ba4ee7-40{position:relative;}@media all and (max-width: 1024px){.kadence-column593_ba4ee7-40 > .kt-inside-inner-col{flex-direction:column;}}@media all and (max-width: 767px){.kadence-column593_ba4ee7-40 > .kt-inside-inner-col{flex-direction:column;}}<\/style>\n<div class=\"wp-block-kadence-column kadence-column593_ba4ee7-40\"><div class=\"kt-inside-inner-col\">\n<p class=\"has-theme-palette-2-color has-text-color\" style=\"padding-top:0;padding-right:var(--wp--preset--spacing--40);padding-bottom:0;padding-left:var(--wp--preset--spacing--40);font-size:16px\">Conform\u00e9ment aux dispositions de la loi n\u00b0 2004-575 du 21 juin 2004 pour la confiance en l\u2019\u00e9conomie num\u00e9rique, il est pr\u00e9cis\u00e9 aux utilisateurs du site <a href=\"https:\/\/chalet-aster.fr\/\"><mark style=\"background-color:rgba(0, 0, 0, 0)\" class=\"has-inline-color has-theme-palette-2-color\">chalet-aster.fr<\/mark><\/a>&nbsp;l\u2019identit\u00e9 des diff\u00e9rents intervenants dans le cadre de sa r\u00e9alisation et de son suivi.&nbsp;<\/p>\n\n\n\n<h3 class=\"wp-block-heading\" style=\"padding-right:var(--wp--preset--spacing--40);padding-left:var(--wp--preset--spacing--40);font-size:18px\"><strong>Edition du site<\/strong><\/h3>\n\n\n\n<p class=\"has-theme-palette-2-color has-text-color\" style=\"padding-right:var(--wp--preset--spacing--40);padding-left:var(--wp--preset--spacing--40);font-size:16px\">Le sit<mark style=\"background-color:rgba(0, 0, 0, 0)\" class=\"has-inline-color has-theme-palette-2-color\">e&nbsp;<\/mark><a href=\"https:\/\/chalet-aster.fr\/\"><mark style=\"background-color:rgba(0, 0, 0, 0)\" class=\"has-inline-color has-theme-palette-2-color\">chalet-aster.fr<\/mark><\/a><mark style=\"background-color:rgba(0, 0, 0, 0)\" class=\"has-inline-color has-theme-palette-2-color\">&nbsp;e<\/mark>st&nbsp;\u00e9dit\u00e9 par la soci\u00e9t\u00e9 ARGO ESTATE, soci\u00e9t\u00e9 par actions simplifi\u00e9e au capital de&nbsp;4 000 000,00&nbsp;euros, dont le si\u00e8ge social est situ\u00e9 1 rue de la Paix, 61 200, immatricul\u00e9e au Registre du Commerce et des Soci\u00e9t\u00e9s d&rsquo;Alen\u00e7on sous le num\u00e9ro 349&nbsp;391&nbsp;680 et dont le num\u00e9ro TVA&nbsp;est&nbsp;FR36349391680.&nbsp;<\/p>\n\n\n\n<h3 class=\"wp-block-heading has-theme-palette-2-color has-text-color\" style=\"padding-right:var(--wp--preset--spacing--40);padding-left:var(--wp--preset--spacing--40);font-size:18px\"><strong>Responsable de publication<\/strong><\/h3>\n\n\n\n<p class=\"has-theme-palette-2-color has-text-color\" style=\"padding-right:var(--wp--preset--spacing--40);padding-left:var(--wp--preset--spacing--40);font-size:16px\">Charlotte LECUYER<\/p>\n\n\n\n<h3 class=\"wp-block-heading has-theme-palette-2-color has-text-color\" style=\"padding-right:var(--wp--preset--spacing--40);padding-left:var(--wp--preset--spacing--40);font-size:18px\"><strong>Nous contacter<\/strong><\/h3>\n\n\n\n<p style=\"padding-right:var(--wp--preset--spacing--40);padding-left:var(--wp--preset--spacing--40);font-size:16px\">Par email : <a href=\"mailto:chaletaster@groupeargo.com\">chaletaster@groupeargo.com<\/a><\/p>\n\n\n\n<h3 class=\"wp-block-heading\" style=\"padding-right:var(--wp--preset--spacing--40);padding-left:var(--wp--preset--spacing--40);font-size:18px\"><strong>H\u00e9bergeur<\/strong><\/h3>\n\n\n\n<p class=\"has-theme-palette-2-color has-text-color\" style=\"padding-right:var(--wp--preset--spacing--40);padding-left:var(--wp--preset--spacing--40);font-size:16px\">Le site&nbsp;<a href=\"https:\/\/chalet-aster.fr\/\"><mark style=\"background-color:rgba(0, 0, 0, 0)\" class=\"has-inline-color has-theme-palette-2-color\">chalet-aster.fr<\/mark><\/a><mark style=\"background-color:rgba(0, 0, 0, 0)\" class=\"has-inline-color has-theme-palette-2-color\">&nbsp;<\/mark>est&nbsp;h\u00e9berg\u00e9 par Hostinger&nbsp;International &nbsp;<a href=\"mailto:compliance@hostinger.com\"><mark style=\"background-color:rgba(0, 0, 0, 0)\" class=\"has-inline-color has-theme-palette-2-color\">compliance@hostinger.com<\/mark><\/a>&nbsp;<\/p>\n\n\n\n<p style=\"padding-right:var(--wp--preset--spacing--40);padding-left:var(--wp--preset--spacing--40);font-size:16px\">Adresse: Ltd.,&nbsp;61&nbsp;Lordou&nbsp;Vironos&nbsp;str., 6023&nbsp;Larnaca, Chypre<\/p>\n<\/div><\/div>\n\n<\/div><\/div>","protected":false},"excerpt":{"rendered":"<p>MENTIONS L\u00c9GALES Conform\u00e9ment aux dispositions de la loi n\u00b0 2004-575 du 21 juin 2004 pour la confiance en l\u2019\u00e9conomie num\u00e9rique, il est pr\u00e9cis\u00e9 aux utilisateurs du site chalet-aster.fr&nbsp;l\u2019identit\u00e9 des diff\u00e9rents intervenants dans le cadre de sa r\u00e9alisation et de son suivi.&nbsp; Edition du site Le site&nbsp;chalet-aster.fr&nbsp;est&nbsp;\u00e9dit\u00e9 par la soci\u00e9t\u00e9 ARGO ESTATE, soci\u00e9t\u00e9 par actions simplifi\u00e9e&#8230;<\/p>","protected":false},"author":1,"featured_media":0,"parent":0,"menu_order":0,"comment_status":"closed","ping_status":"closed","template":"","meta":{"om_disable_all_campaigns":false,"_monsterinsights_skip_tracking":false,"_monsterinsights_sitenote_active":false,"_monsterinsights_sitenote_note":"","_monsterinsights_sitenote_category":0,"_uf_show_specific_survey":0,"_uf_disable_surveys":false,"_kad_post_transparent":"disable","_kad_post_title":"hide","_kad_post_layout":"normal","_kad_post_sidebar_id":"","_kad_post_content_style":"unboxed","_kad_post_vertical_padding":"hide","_kad_post_feature":"hide","_kad_post_feature_position":"","_kad_post_header":false,"_kad_post_footer":false,"footnotes":""},"aioseo_notices":[],"_links":{"self":[{"href":"https:\/\/chalet-aster.fr\/en\/wp-json\/wp\/v2\/pages\/593"}],"collection":[{"href":"https:\/\/chalet-aster.fr\/en\/wp-json\/wp\/v2\/pages"}],"about":[{"href":"https:\/\/chalet-aster.fr\/en\/wp-json\/wp\/v2\/types\/page"}],"author":[{"embeddable":true,"href":"https:\/\/chalet-aster.fr\/en\/wp-json\/wp\/v2\/users\/1"}],"replies":[{"embeddable":true,"href":"https:\/\/chalet-aster.fr\/en\/wp-json\/wp\/v2\/comments?post=593"}],"version-history":[{"count":50,"href":"https:\/\/chalet-aster.fr\/en\/wp-json\/wp\/v2\/pages\/593\/revisions"}],"predecessor-version":[{"id":3502,"href":"https:\/\/chalet-aster.fr\/en\/wp-json\/wp\/v2\/pages\/593\/revisions\/3502"}],"wp:attachment":[{"href":"https:\/\/chalet-aster.fr\/en\/wp-json\/wp\/v2\/media?parent=593"}],"curies":[{"name":"wp","href":"https:\/\/api.w.org\/{rel}","templated":true}]}}