{"id":316,"date":"2023-09-05T09:31:25","date_gmt":"2023-09-05T07:31:25","guid":{"rendered":"https:\/\/chalet-aster.fr\/?page_id=316"},"modified":"2023-11-17T13:21:03","modified_gmt":"2023-11-17T12:21:03","slug":"faq","status":"publish","type":"page","link":"https:\/\/chalet-aster.fr\/en\/faq\/","title":{"rendered":"FAQ"},"content":{"rendered":"<style>.kb-row-layout-id316_5c8ec7-14 > .kt-row-column-wrap{align-content:center;}:where(.kb-row-layout-id316_5c8ec7-14 > .kt-row-column-wrap) > .wp-block-kadence-column{justify-content:center;}.kb-row-layout-id316_5c8ec7-14 > .kt-row-column-wrap{column-gap:var(--global-kb-gap-md, 2rem);row-gap:var(--global-kb-gap-md, 2rem);max-width:860px;margin-left:auto;margin-right:auto;padding-top:var(--global-kb-spacing-xl, 4rem);padding-bottom:var(--global-kb-spacing-xxl, 5rem);grid-template-columns:minmax(0, 1fr);}.kb-row-layout-id316_5c8ec7-14{background-color:rgba(226,214,206,0.81);}.kb-row-layout-id316_5c8ec7-14 > .kt-row-layout-overlay{opacity:0.30;}@media all and (max-width: 1024px){.kb-row-layout-id316_5c8ec7-14 > .kt-row-column-wrap{grid-template-columns:minmax(0, 1fr);}}@media all and (max-width: 767px){.kb-row-layout-id316_5c8ec7-14 > .kt-row-column-wrap{padding-bottom:var(--global-kb-spacing-3xl, 6.5rem);grid-template-columns:minmax(0, 1fr);}}<\/style><div class=\"kb-row-layout-wrap kb-row-layout-id316_5c8ec7-14 alignfull kt-row-has-bg wp-block-kadence-rowlayout\"><div class=\"kt-row-column-wrap kt-has-1-columns kt-row-layout-equal kt-tab-layout-inherit kt-mobile-layout-row kt-row-valign-middle\">\n<style>.kadence-column316_d92e37-aa > .kt-inside-inner-col,.kadence-column316_d92e37-aa > .kt-inside-inner-col:before{border-top-left-radius:0px;border-top-right-radius:0px;border-bottom-right-radius:0px;border-bottom-left-radius:0px;}.kadence-column316_d92e37-aa > .kt-inside-inner-col{column-gap:var(--global-kb-gap-sm, 1rem);}.kadence-column316_d92e37-aa > .kt-inside-inner-col{flex-direction:column;}.kadence-column316_d92e37-aa > .kt-inside-inner-col > .aligncenter{width:100%;}.kadence-column316_d92e37-aa > .kt-inside-inner-col:before{opacity:0.3;}.kadence-column316_d92e37-aa{position:relative;}@media all and (max-width: 1024px){.kadence-column316_d92e37-aa > .kt-inside-inner-col{flex-direction:column;}}@media all and (max-width: 767px){.kadence-column316_d92e37-aa > .kt-inside-inner-col{flex-direction:column;}}<\/style>\n<div class=\"wp-block-kadence-column kadence-column316_d92e37-aa kb-section-dir-vertical inner-column-1\"><div class=\"kt-inside-inner-col\"><style>.wp-block-kadence-advancedheading.kt-adv-heading316_3d7849-52, .wp-block-kadence-advancedheading.kt-adv-heading316_3d7849-52[data-kb-block=\"kb-adv-heading316_3d7849-52\"]{padding-bottom:var(--global-kb-spacing-sm, 1.5rem);text-align:center;font-size:53px;font-style:normal;}.wp-block-kadence-advancedheading.kt-adv-heading316_3d7849-52 mark.kt-highlight, .wp-block-kadence-advancedheading.kt-adv-heading316_3d7849-52[data-kb-block=\"kb-adv-heading316_3d7849-52\"] mark.kt-highlight{font-style:normal;color:#f76a0c;-webkit-box-decoration-break:clone;box-decoration-break:clone;padding-top:0px;padding-right:0px;padding-bottom:0px;padding-left:0px;}@media all and (max-width: 767px){.wp-block-kadence-advancedheading.kt-adv-heading316_3d7849-52, .wp-block-kadence-advancedheading.kt-adv-heading316_3d7849-52[data-kb-block=\"kb-adv-heading316_3d7849-52\"]{padding-bottom:0px;font-size:var(--global-kb-font-size-xl, 3rem);}}<\/style>\n<h2 class=\"kt-adv-heading316_3d7849-52 wp-block-kadence-advancedheading\" data-kb-block=\"kb-adv-heading316_3d7849-52\"><strong>QUESTIONS FR\u00c9QUENTES<\/strong><\/h2>\n\n\n<style>.kt-accordion-id316_ff45e8-d6 .kt-accordion-inner-wrap{column-gap:var(--global-kb-gap-md, 2rem);row-gap:16px;}.kt-accordion-id316_ff45e8-d6 .kt-accordion-panel-inner{border-top:25px solid transparent;border-right:1px solid transparent;border-bottom:0px solid transparent;border-top-left-radius:16px;border-top-right-radius:16px;border-bottom-right-radius:16px;border-bottom-left-radius:16px;background:#ffffff;padding-top:0px;padding-right:var(--global-kb-spacing-sm, 1.5rem);padding-bottom:var(--global-kb-spacing-lg, 3rem);padding-left:var(--global-kb-spacing-xl, 4rem);}.kt-accordion-id316_ff45e8-d6 .wp-block-kadence-pane .kt-accordion-header-wrap .kt-blocks-accordion-header{border-top:0px solid var(--global-palette2, #2B6CB0);border-right:0px solid var(--global-palette2, #2B6CB0);border-bottom:0px solid var(--global-palette2, #2B6CB0);border-left:0px solid var(--global-palette2, #2B6CB0);border-top-left-radius:16px;border-top-right-radius:16px;border-bottom-right-radius:16px;border-bottom-left-radius:16px;background:var(--global-palette9, #ffffff);font-size:17px;font-family:\"Palatino Linotype\", \"Book Antiqua\", Palatino, serif;font-weight:400;color:var(--global-palette3, #1A202C);padding-top:var(--global-kb-spacing-sm, 1.5rem);padding-right:var(--global-kb-spacing-sm, 1.5rem);padding-bottom:var(--global-kb-spacing-lg, 3rem);padding-left:var(--global-kb-spacing-lg, 3rem);}.kt-accordion-id316_ff45e8-d6:not( .kt-accodion-icon-style-basiccircle ):not( .kt-accodion-icon-style-xclosecircle ):not( .kt-accodion-icon-style-arrowcircle ) .kt-blocks-accordion-icon-trigger:after, .kt-accordion-id316_ff45e8-d6:not( .kt-accodion-icon-style-basiccircle ):not( .kt-accodion-icon-style-xclosecircle ):not( .kt-accodion-icon-style-arrowcircle ) .kt-blocks-accordion-icon-trigger:before{background:var(--global-palette5, #4A5568);}.kt-accordion-id316_ff45e8-d6 .kt-accordion-panel-inner, .kt-accordion-id316_ff45e8-d6 .kt-accordion-panel-inner h1, .kt-accordion-id316_ff45e8-d6 .kt-accordion-panel-inner h2, .kt-accordion-id316_ff45e8-d6 .kt-accordion-panel-inner h3, .kt-accordion-id316_ff45e8-d6 .kt-accordion-panel-inner h4, .kt-accordion-id316_ff45e8-d6 .kt-accordion-panel-inner h5, .kt-accordion-id316_ff45e8-d6 .kt-accordion-panel-inner h6{color:var(--global-palette3, #1A202C);}.kt-accordion-id316_ff45e8-d6 .kt-accordion-panel-inner a{color:var(--global-palette1, #3182CE);}.kt-accordion-id316_ff45e8-d6 .kt-accordion-panel-inner a:hover{color:var(--global-palette2, #2B6CB0);}.kt-accordion-id316_ff45e8-d6:not( .kt-accodion-icon-style-basic ):not( .kt-accodion-icon-style-xclose ):not( .kt-accodion-icon-style-arrow ) .kt-blocks-accordion-icon-trigger{background:var(--global-palette5, #4A5568);}.kt-accordion-id316_ff45e8-d6:not( .kt-accodion-icon-style-basic ):not( .kt-accodion-icon-style-xclose ):not( .kt-accodion-icon-style-arrow ) .kt-blocks-accordion-icon-trigger:after, .kt-accordion-id316_ff45e8-d6:not( .kt-accodion-icon-style-basic ):not( .kt-accodion-icon-style-xclose ):not( .kt-accodion-icon-style-arrow ) .kt-blocks-accordion-icon-trigger:before{background:var(--global-palette9, #ffffff);}.kt-accordion-id316_ff45e8-d6 .kt-accordion-header-wrap .kt-blocks-accordion-header:hover, body:not(.hide-focus-outline) .kt-accordion-id316_ff45e8-d6 .kt-accordion-header-wrap .kt-blocks-accordion-header:focus-visible{color:var(--global-palette3, #1A202C);border-top-color:rgba(6,6,6,0.63);border-top-style:solid;border-right-color:rgba(6,6,6,0.63);border-right-style:solid;border-bottom-color:rgba(6,6,6,0.63);border-bottom-style:solid;border-left-color:rgba(6,6,6,0.63);border-left-style:solid;}.kt-accordion-id316_ff45e8-d6:not( .kt-accodion-icon-style-basiccircle ):not( .kt-accodion-icon-style-xclosecircle ):not( .kt-accodion-icon-style-arrowcircle ) .kt-blocks-accordion-header:hover .kt-blocks-accordion-icon-trigger:after, .kt-accordion-id316_ff45e8-d6:not( .kt-accodion-icon-style-basiccircle ):not( .kt-accodion-icon-style-xclosecircle ):not( .kt-accodion-icon-style-arrowcircle ) .kt-blocks-accordion-header:hover .kt-blocks-accordion-icon-trigger:before, body:not(.hide-focus-outline) .kt-accordion-id316_ff45e8-d6:not( .kt-accodion-icon-style-basiccircle ):not( .kt-accodion-icon-style-xclosecircle ):not( .kt-accodion-icon-style-arrowcircle ) .kt-blocks-accordion--visible .kt-blocks-accordion-icon-trigger:after, body:not(.hide-focus-outline) .kt-accordion-id316_ff45e8-d6:not( .kt-accodion-icon-style-basiccircle ):not( .kt-accodion-icon-style-xclosecircle ):not( .kt-accodion-icon-style-arrowcircle ) .kt-blocks-accordion-header:focus-visible .kt-blocks-accordion-icon-trigger:before{background:var(--global-palette5, #4A5568);}.kt-accordion-id316_ff45e8-d6:not( .kt-accodion-icon-style-basic ):not( .kt-accodion-icon-style-xclose ):not( .kt-accodion-icon-style-arrow ) .kt-blocks-accordion-header:hover .kt-blocks-accordion-icon-trigger, body:not(.hide-focus-outline) .kt-accordion-id316_ff45e8-d6:not( .kt-accodion-icon-style-basic ):not( .kt-accodion-icon-style-xclose ):not( .kt-accodion-icon-style-arrow ) .kt-blocks-accordion-header:focus-visible .kt-blocks-accordion-icon-trigger{background:var(--global-palette5, #4A5568);}.kt-accordion-id316_ff45e8-d6 .kt-accordion-header-wrap .kt-blocks-accordion-header:focus-visible, .kt-accordion-id316_ff45e8-d6 .kt-accordion-header-wrap .kt-blocks-accordion-header.kt-accordion-panel-active{color:var(--global-palette3, #1A202C);border-top:1px solid var(--global-palette2, #2B6CB0);border-right:1px solid var(--global-palette2, #2B6CB0);border-bottom:1px solid var(--global-palette2, #2B6CB0);border-left:1px solid var(--global-palette2, #2B6CB0);}.kt-accordion-id316_ff45e8-d6:not( .kt-accodion-icon-style-basiccircle ):not( .kt-accodion-icon-style-xclosecircle ):not( .kt-accodion-icon-style-arrowcircle ) .kt-blocks-accordion-header.kt-accordion-panel-active .kt-blocks-accordion-icon-trigger:after, .kt-accordion-id316_ff45e8-d6:not( .kt-accodion-icon-style-basiccircle ):not( .kt-accodion-icon-style-xclosecircle ):not( .kt-accodion-icon-style-arrowcircle ) .kt-blocks-accordion-header.kt-accordion-panel-active .kt-blocks-accordion-icon-trigger:before{background:var(--global-palette6, #718096);}.kt-accordion-id316_ff45e8-d6:not( .kt-accodion-icon-style-basic ):not( .kt-accodion-icon-style-xclose ):not( .kt-accodion-icon-style-arrow ) .kt-blocks-accordion-header.kt-accordion-panel-active .kt-blocks-accordion-icon-trigger{background:var(--global-palette6, #718096);}@media all and (max-width: 1024px){.kt-accordion-id316_ff45e8-d6 .kt-accordion-panel-inner{border-top:25px solid transparent;border-right:1px solid transparent;border-bottom:0px solid transparent;}}@media all and (max-width: 1024px){.kt-accordion-id316_ff45e8-d6 .wp-block-kadence-pane .kt-accordion-header-wrap .kt-blocks-accordion-header{border-top:0px solid var(--global-palette2, #2B6CB0);border-right:0px solid var(--global-palette2, #2B6CB0);border-bottom:0px solid var(--global-palette2, #2B6CB0);border-left:0px solid var(--global-palette2, #2B6CB0);}}@media all and (max-width: 1024px){.kt-accordion-id316_ff45e8-d6 .kt-accordion-header-wrap .kt-blocks-accordion-header:hover, body:not(.hide-focus-outline) .kt-accordion-id316_ff45e8-d6 .kt-accordion-header-wrap .kt-blocks-accordion-header:focus-visible{border-top-color:rgba(6,6,6,0.63);border-top-style:solid;border-right-color:rgba(6,6,6,0.63);border-right-style:solid;border-bottom-color:rgba(6,6,6,0.63);border-bottom-style:solid;border-left-color:rgba(6,6,6,0.63);border-left-style:solid;}}@media all and (max-width: 1024px){.kt-accordion-id316_ff45e8-d6 .kt-accordion-header-wrap .kt-blocks-accordion-header:focus-visible, .kt-accordion-id316_ff45e8-d6 .kt-accordion-header-wrap .kt-blocks-accordion-header.kt-accordion-panel-active{border-top:1px solid var(--global-palette2, #2B6CB0);border-right:1px solid var(--global-palette2, #2B6CB0);border-bottom:1px solid var(--global-palette2, #2B6CB0);border-left:1px solid var(--global-palette2, #2B6CB0);}}@media all and (max-width: 767px){.kt-accordion-id316_ff45e8-d6 .kt-accordion-inner-wrap{display:block;}.kt-accordion-id316_ff45e8-d6 .kt-accordion-inner-wrap .kt-accordion-pane:not(:first-child){margin-top:16px;}.kt-accordion-id316_ff45e8-d6 .kt-accordion-panel-inner{border-top:25px solid transparent;border-right:1px solid transparent;border-bottom:0px solid transparent;padding-top:0px;padding-right:var(--global-kb-spacing-md, 2rem);padding-bottom:var(--global-kb-spacing-md, 2rem);padding-left:var(--global-kb-spacing-md, 2rem);}.kt-accordion-id316_ff45e8-d6 .wp-block-kadence-pane .kt-accordion-header-wrap .kt-blocks-accordion-header{border-top:0px solid var(--global-palette2, #2B6CB0);border-right:0px solid var(--global-palette2, #2B6CB0);border-bottom:0px solid var(--global-palette2, #2B6CB0);border-left:0px solid var(--global-palette2, #2B6CB0);font-size:15px;padding-top:var(--global-kb-spacing-sm, 1.5rem);padding-right:var(--global-kb-spacing-sm, 1.5rem);padding-bottom:var(--global-kb-spacing-sm, 1.5rem);padding-left:var(--global-kb-spacing-sm, 1.5rem);}.kt-accordion-id316_ff45e8-d6 .kt-accordion-header-wrap .kt-blocks-accordion-header:hover, body:not(.hide-focus-outline) .kt-accordion-id316_ff45e8-d6 .kt-accordion-header-wrap .kt-blocks-accordion-header:focus-visible{border-top-color:rgba(6,6,6,0.63);border-top-style:solid;border-right-color:rgba(6,6,6,0.63);border-right-style:solid;border-bottom-color:rgba(6,6,6,0.63);border-bottom-style:solid;border-left-color:rgba(6,6,6,0.63);border-left-style:solid;}.kt-accordion-id316_ff45e8-d6 .kt-accordion-header-wrap .kt-blocks-accordion-header:focus-visible, .kt-accordion-id316_ff45e8-d6 .kt-accordion-header-wrap .kt-blocks-accordion-header.kt-accordion-panel-active{border-top:1px solid var(--global-palette2, #2B6CB0);border-right:1px solid var(--global-palette2, #2B6CB0);border-bottom:1px solid var(--global-palette2, #2B6CB0);border-left:1px solid var(--global-palette2, #2B6CB0);}}<\/style>\n<div class=\"wp-block-kadence-accordion alignnone\"><div class=\"kt-accordion-wrap kt-accordion-id316_ff45e8-d6 kt-accordion-has-5-panes kt-active-pane-0 kt-accordion-block kt-pane-header-alignment-left kt-accodion-icon-style-arrow kt-accodion-icon-side-left\" style=\"max-width:none\"><div class=\"kt-accordion-inner-wrap\" data-allow-multiple-open=\"false\" data-start-open=\"none\">\n<div class=\"wp-block-kadence-pane kt-accordion-pane kt-accordion-pane-5 kt-pane316_4a3932-65\"><div class=\"kt-accordion-header-wrap\"><button class=\"kt-blocks-accordion-header kt-acccordion-button-label-show\"><span class=\"kt-blocks-accordion-title-wrap\"><span class=\"kt-blocks-accordion-title\"><strong>Les r\u00e9servations<\/strong><\/span><\/span><span class=\"kt-blocks-accordion-icon-trigger\"><\/span><\/button><\/div><div class=\"kt-accordion-panel kt-accordion-panel-hidden\"><div class=\"kt-accordion-panel-inner\"><style>.wp-block-kadence-advancedheading.kt-adv-heading316_83779e-a0, .wp-block-kadence-advancedheading.kt-adv-heading316_83779e-a0[data-kb-block=\"kb-adv-heading316_83779e-a0\"]{font-style:normal;}.wp-block-kadence-advancedheading.kt-adv-heading316_83779e-a0 mark.kt-highlight, .wp-block-kadence-advancedheading.kt-adv-heading316_83779e-a0[data-kb-block=\"kb-adv-heading316_83779e-a0\"] mark.kt-highlight{font-style:normal;color:#f76a0c;-webkit-box-decoration-break:clone;box-decoration-break:clone;padding-top:0px;padding-right:0px;padding-bottom:0px;padding-left:0px;}@media all and (max-width: 767px){.wp-block-kadence-advancedheading.kt-adv-heading316_83779e-a0, .wp-block-kadence-advancedheading.kt-adv-heading316_83779e-a0[data-kb-block=\"kb-adv-heading316_83779e-a0\"]{font-size:14px;}}<\/style>\n<p class=\"kt-adv-heading316_83779e-a0 wp-block-kadence-advancedheading\" data-kb-block=\"kb-adv-heading316_83779e-a0\">Les r\u00e9servations pour le Chalet Aster doivent \u00eatre effectu\u00e9es exclusivement via la plateforme Airbnb. Si vous avez besoin de renseignements suppl\u00e9mentaires ou de clarifications, n&rsquo;h\u00e9sitez pas \u00e0 nous contacter en utilisant la page &lsquo;Contact &amp; Acc\u00e8s&rsquo; de notre site internet. Nous serons ravis de r\u00e9pondre \u00e0 toutes vos questions et de vous assister dans la planification de votre s\u00e9jour.<\/p>\n<\/div><\/div><\/div>\n\n\n\n<div class=\"wp-block-kadence-pane kt-accordion-pane kt-accordion-pane-4 kt-pane316_6b050f-f3\"><div class=\"kt-accordion-header-wrap\"><button class=\"kt-blocks-accordion-header kt-acccordion-button-label-show\"><span class=\"kt-blocks-accordion-title-wrap\"><span class=\"kt-blocks-accordion-title\"><strong>Votre arriv\u00e9e<\/strong><\/span><\/span><span class=\"kt-blocks-accordion-icon-trigger\"><\/span><\/button><\/div><div class=\"kt-accordion-panel kt-accordion-panel-hidden\"><div class=\"kt-accordion-panel-inner\"><style>.wp-block-kadence-advancedheading.kt-adv-heading316_0f1c8f-71, .wp-block-kadence-advancedheading.kt-adv-heading316_0f1c8f-71[data-kb-block=\"kb-adv-heading316_0f1c8f-71\"]{font-style:normal;}.wp-block-kadence-advancedheading.kt-adv-heading316_0f1c8f-71 mark.kt-highlight, .wp-block-kadence-advancedheading.kt-adv-heading316_0f1c8f-71[data-kb-block=\"kb-adv-heading316_0f1c8f-71\"] mark.kt-highlight{font-style:normal;color:#f76a0c;-webkit-box-decoration-break:clone;box-decoration-break:clone;padding-top:0px;padding-right:0px;padding-bottom:0px;padding-left:0px;}@media all and (max-width: 767px){.wp-block-kadence-advancedheading.kt-adv-heading316_0f1c8f-71, .wp-block-kadence-advancedheading.kt-adv-heading316_0f1c8f-71[data-kb-block=\"kb-adv-heading316_0f1c8f-71\"]{font-size:14px;}}<\/style>\n<p class=\"kt-adv-heading316_0f1c8f-71 wp-block-kadence-advancedheading has-theme-palette-3-color has-text-color\" data-kb-block=\"kb-adv-heading316_0f1c8f-71\">L&rsquo;acc\u00e8s au Chalet Aster est autoris\u00e9 \u00e0 partir de 17h le jour de l&rsquo;arriv\u00e9e et doit \u00eatre lib\u00e9r\u00e9 avant 10h le jour du d\u00e9part, afin d&rsquo;assurer une pr\u00e9paration compl\u00e8te du chalet entre deux locations. De plus, notre \u00e9quipe de conciergerie sera pr\u00e9sente le jour de l&rsquo;arriv\u00e9e et du d\u00e9part pour effectuer un \u00e9tat des lieux approfondi.<\/p>\n<\/div><\/div><\/div>\n\n\n\n<div class=\"wp-block-kadence-pane kt-accordion-pane kt-accordion-pane-3 kt-pane316_f7c4ce-e5\"><div class=\"kt-accordion-header-wrap\"><button class=\"kt-blocks-accordion-header kt-acccordion-button-label-show\"><span class=\"kt-blocks-accordion-title-wrap\"><span class=\"kt-blocks-accordion-title\"><strong>Votre s\u00e9jour<\/strong><\/span><\/span><span class=\"kt-blocks-accordion-icon-trigger\"><\/span><\/button><\/div><div class=\"kt-accordion-panel kt-accordion-panel-hidden\"><div class=\"kt-accordion-panel-inner\"><style>.wp-block-kadence-advancedheading.kt-adv-heading316_172293-7c, .wp-block-kadence-advancedheading.kt-adv-heading316_172293-7c[data-kb-block=\"kb-adv-heading316_172293-7c\"]{font-style:normal;}.wp-block-kadence-advancedheading.kt-adv-heading316_172293-7c mark.kt-highlight, .wp-block-kadence-advancedheading.kt-adv-heading316_172293-7c[data-kb-block=\"kb-adv-heading316_172293-7c\"] mark.kt-highlight{font-style:normal;color:#f76a0c;-webkit-box-decoration-break:clone;box-decoration-break:clone;padding-top:0px;padding-right:0px;padding-bottom:0px;padding-left:0px;}@media all and (max-width: 767px){.wp-block-kadence-advancedheading.kt-adv-heading316_172293-7c, .wp-block-kadence-advancedheading.kt-adv-heading316_172293-7c[data-kb-block=\"kb-adv-heading316_172293-7c\"]{font-size:14px;}}<\/style>\n<p class=\"kt-adv-heading316_172293-7c wp-block-kadence-advancedheading has-theme-palette-3-color has-text-color\" data-kb-block=\"kb-adv-heading316_172293-7c\">La dur\u00e9e minimale du s\u00e9jour au Chalet Aster est de 7 jours, avec une arriv\u00e9e le samedi et un d\u00e9part le samedi. Veuillez noter que les animaux domestiques ne sont pas autoris\u00e9s dans notre chalet.<\/p>\n<\/div><\/div><\/div>\n<\/div><\/div><\/div>\n<\/div><\/div>\n\n<\/div><\/div>","protected":false},"excerpt":{"rendered":"<p>QUESTIONS FR\u00c9QUENTES<\/p>","protected":false},"author":1,"featured_media":0,"parent":0,"menu_order":0,"comment_status":"closed","ping_status":"closed","template":"","meta":{"om_disable_all_campaigns":false,"_monsterinsights_skip_tracking":false,"_monsterinsights_sitenote_active":false,"_monsterinsights_sitenote_note":"","_monsterinsights_sitenote_category":0,"_uf_show_specific_survey":0,"_uf_disable_surveys":false,"_kad_post_transparent":"disable","_kad_post_title":"hide","_kad_post_layout":"fullwidth","_kad_post_sidebar_id":"","_kad_post_content_style":"unboxed","_kad_post_vertical_padding":"hide","_kad_post_feature":"","_kad_post_feature_position":"","_kad_post_header":false,"_kad_post_footer":false,"footnotes":""},"aioseo_notices":[],"_links":{"self":[{"href":"https:\/\/chalet-aster.fr\/en\/wp-json\/wp\/v2\/pages\/316"}],"collection":[{"href":"https:\/\/chalet-aster.fr\/en\/wp-json\/wp\/v2\/pages"}],"about":[{"href":"https:\/\/chalet-aster.fr\/en\/wp-json\/wp\/v2\/types\/page"}],"author":[{"embeddable":true,"href":"https:\/\/chalet-aster.fr\/en\/wp-json\/wp\/v2\/users\/1"}],"replies":[{"embeddable":true,"href":"https:\/\/chalet-aster.fr\/en\/wp-json\/wp\/v2\/comments?post=316"}],"version-history":[{"count":54,"href":"https:\/\/chalet-aster.fr\/en\/wp-json\/wp\/v2\/pages\/316\/revisions"}],"predecessor-version":[{"id":3651,"href":"https:\/\/chalet-aster.fr\/en\/wp-json\/wp\/v2\/pages\/316\/revisions\/3651"}],"wp:attachment":[{"href":"https:\/\/chalet-aster.fr\/en\/wp-json\/wp\/v2\/media?parent=316"}],"curies":[{"name":"wp","href":"https:\/\/api.w.org\/{rel}","templated":true}]}}